{"id":197,"date":"2022-01-31T16:54:48","date_gmt":"2022-01-31T16:54:48","guid":{"rendered":"https:\/\/johan-bouguermouh.students-laplateforme.io\/CMS\/?post_type=product&#038;p=197"},"modified":"2022-01-31T16:55:18","modified_gmt":"2022-01-31T16:55:18","slug":"selection-decouverte","status":"publish","type":"product","link":"https:\/\/johan-bouguermouh.students-laplateforme.io\/CMS\/?product=selection-decouverte","title":{"rendered":"S\u00e9lection <br> d\u00e9couverte"},"content":{"rendered":"<p>3x Paquet de caf\u00e9 moulu &#8211; 1kg<\/p>\n<p><strong>HANO\u00cf\u00a0<\/strong><\/p>\n<p>Ce caf\u00e9 Robusta du Vietnam, cultiv\u00e9 dans la province de Hano\u00ef, est un excellent cru qui se distingue par sa force et sa robustesse l\u00e9g\u00e8rement acidul\u00e9. Il est torr\u00e9fi\u00e9 chaque semaine de mani\u00e8re traditionnelle dans nos ateliers.<\/p>\n<p><strong>SIDAMO<\/strong><\/p>\n<p>Ce caf\u00e9 Moka d\u2019Ethiopie, cultiv\u00e9 dans la province de Sidamo, est un grand cru qui se distingue par son gout l\u00e9g\u00e8rement acidul\u00e9 et son parfum de jasmin. Il est torr\u00e9fi\u00e9 chaque semaine de mani\u00e8re traditionnelle dans nos ateliers.<\/p>\n<p><strong>CERRADO<\/strong><\/p>\n<p>Ce caf\u00e9 Cerrado du Br\u00e9sil, cultiv\u00e9 dans la province de Cerrado, est un grand cru qui se distingue par son gout robuste et son l\u00e9ger parfum de fleuri. Il est torr\u00e9fi\u00e9 chaque semaine de mani\u00e8re traditionnelle dans nos ateliers.<\/p>\n","protected":false},"excerpt":{"rendered":"<p>3x Paquet de caf\u00e9 moulu &#8211; 1kg : Hano\u00ef, Sidamo, Cerrado<\/p>\n","protected":false},"featured_media":90,"comment_status":"open","ping_status":"closed","template":"","meta":{"spay_email":""},"product_cat":[19],"product_tag":[],"_links":{"self":[{"href":"https:\/\/johan-bouguermouh.students-laplateforme.io\/CMS\/index.php?rest_route=\/wp\/v2\/product\/197"}],"collection":[{"href":"https:\/\/johan-bouguermouh.students-laplateforme.io\/CMS\/index.php?rest_route=\/wp\/v2\/product"}],"about":[{"href":"https:\/\/johan-bouguermouh.students-laplateforme.io\/CMS\/index.php?rest_route=\/wp\/v2\/types\/product"}],"replies":[{"embeddable":true,"href":"https:\/\/johan-bouguermouh.students-laplateforme.io\/CMS\/index.php?rest_route=%2Fwp%2Fv2%2Fcomments&post=197"}],"wp:featuredmedia":[{"embeddable":true,"href":"https:\/\/johan-bouguermouh.students-laplateforme.io\/CMS\/index.php?rest_route=\/wp\/v2\/media\/90"}],"wp:attachment":[{"href":"https:\/\/johan-bouguermouh.students-laplateforme.io\/CMS\/index.php?rest_route=%2Fwp%2Fv2%2Fmedia&parent=197"}],"wp:term":[{"taxonomy":"product_cat","embeddable":true,"href":"https:\/\/johan-bouguermouh.students-laplateforme.io\/CMS\/index.php?rest_route=%2Fwp%2Fv2%2Fproduct_cat&post=197"},{"taxonomy":"product_tag","embeddable":true,"href":"https:\/\/johan-bouguermouh.students-laplateforme.io\/CMS\/index.php?rest_route=%2Fwp%2Fv2%2Fproduct_tag&post=197"}],"curies":[{"name":"wp","href":"https:\/\/api.w.org\/{rel}","templated":true}]}}