{"id":174,"date":"2022-01-31T15:17:21","date_gmt":"2022-01-31T15:17:21","guid":{"rendered":"https:\/\/johan-bouguermouh.students-laplateforme.io\/CMS\/?post_type=product&#038;p=174"},"modified":"2022-01-31T15:53:14","modified_gmt":"2022-01-31T15:53:14","slug":"dosettes-hanoi","status":"publish","type":"product","link":"https:\/\/johan-bouguermouh.students-laplateforme.io\/CMS\/?product=dosettes-hanoi","title":{"rendered":"Dosettes <br> HANO\u00cf"},"content":{"rendered":"<p>Lot de 100 dosettes<\/p>\n<p>Ce caf\u00e9 Robusta du Vietnam, cultiv\u00e9 dans la province de Hano\u00ef, est un excellent cru qui se distingue par sa force et sa robustesse l\u00e9g\u00e8rement acidul\u00e9. Il est torr\u00e9fi\u00e9 chaque semaine de mani\u00e8re traditionnelle dans nos ateliers.<\/p>\n","protected":false},"excerpt":{"rendered":"<p>Lot de 100 dosettes &#8211; Caf\u00e9 Robusta Hano\u00ef Vietnam<\/p>\n","protected":false},"featured_media":170,"comment_status":"open","ping_status":"closed","template":"","meta":{"spay_email":""},"product_cat":[20],"product_tag":[],"_links":{"self":[{"href":"https:\/\/johan-bouguermouh.students-laplateforme.io\/CMS\/index.php?rest_route=\/wp\/v2\/product\/174"}],"collection":[{"href":"https:\/\/johan-bouguermouh.students-laplateforme.io\/CMS\/index.php?rest_route=\/wp\/v2\/product"}],"about":[{"href":"https:\/\/johan-bouguermouh.students-laplateforme.io\/CMS\/index.php?rest_route=\/wp\/v2\/types\/product"}],"replies":[{"embeddable":true,"href":"https:\/\/johan-bouguermouh.students-laplateforme.io\/CMS\/index.php?rest_route=%2Fwp%2Fv2%2Fcomments&post=174"}],"wp:featuredmedia":[{"embeddable":true,"href":"https:\/\/johan-bouguermouh.students-laplateforme.io\/CMS\/index.php?rest_route=\/wp\/v2\/media\/170"}],"wp:attachment":[{"href":"https:\/\/johan-bouguermouh.students-laplateforme.io\/CMS\/index.php?rest_route=%2Fwp%2Fv2%2Fmedia&parent=174"}],"wp:term":[{"taxonomy":"product_cat","embeddable":true,"href":"https:\/\/johan-bouguermouh.students-laplateforme.io\/CMS\/index.php?rest_route=%2Fwp%2Fv2%2Fproduct_cat&post=174"},{"taxonomy":"product_tag","embeddable":true,"href":"https:\/\/johan-bouguermouh.students-laplateforme.io\/CMS\/index.php?rest_route=%2Fwp%2Fv2%2Fproduct_tag&post=174"}],"curies":[{"name":"wp","href":"https:\/\/api.w.org\/{rel}","templated":true}]}}