{"id":173,"date":"2022-01-31T15:16:19","date_gmt":"2022-01-31T15:16:19","guid":{"rendered":"https:\/\/johan-bouguermouh.students-laplateforme.io\/CMS\/?post_type=product&#038;p=173"},"modified":"2022-01-31T15:24:13","modified_gmt":"2022-01-31T15:24:13","slug":"dosettes-cerrado","status":"publish","type":"product","link":"https:\/\/johan-bouguermouh.students-laplateforme.io\/CMS\/?product=dosettes-cerrado","title":{"rendered":"Dosettes<br> CERRADO"},"content":{"rendered":"<p>Lot de 100 dosettes<\/p>\n<p>Ce caf\u00e9 Cerrado du Br\u00e9sil, cultiv\u00e9 dans la province de Cerrado, est un grand cru qui se distingue par son gout robuste et son l\u00e9ger parfum de fleuri. Il est torr\u00e9fi\u00e9 chaque semaine de mani\u00e8re traditionnelle dans nos ateliers.<\/p>\n","protected":false},"excerpt":{"rendered":"<p>Lot de 100 dosettes &#8211; Caf\u00e9 Cerrado du br\u00e9sil<\/p>\n","protected":false},"featured_media":169,"comment_status":"open","ping_status":"closed","template":"","meta":{"spay_email":""},"product_cat":[20],"product_tag":[],"_links":{"self":[{"href":"https:\/\/johan-bouguermouh.students-laplateforme.io\/CMS\/index.php?rest_route=\/wp\/v2\/product\/173"}],"collection":[{"href":"https:\/\/johan-bouguermouh.students-laplateforme.io\/CMS\/index.php?rest_route=\/wp\/v2\/product"}],"about":[{"href":"https:\/\/johan-bouguermouh.students-laplateforme.io\/CMS\/index.php?rest_route=\/wp\/v2\/types\/product"}],"replies":[{"embeddable":true,"href":"https:\/\/johan-bouguermouh.students-laplateforme.io\/CMS\/index.php?rest_route=%2Fwp%2Fv2%2Fcomments&post=173"}],"wp:featuredmedia":[{"embeddable":true,"href":"https:\/\/johan-bouguermouh.students-laplateforme.io\/CMS\/index.php?rest_route=\/wp\/v2\/media\/169"}],"wp:attachment":[{"href":"https:\/\/johan-bouguermouh.students-laplateforme.io\/CMS\/index.php?rest_route=%2Fwp%2Fv2%2Fmedia&parent=173"}],"wp:term":[{"taxonomy":"product_cat","embeddable":true,"href":"https:\/\/johan-bouguermouh.students-laplateforme.io\/CMS\/index.php?rest_route=%2Fwp%2Fv2%2Fproduct_cat&post=173"},{"taxonomy":"product_tag","embeddable":true,"href":"https:\/\/johan-bouguermouh.students-laplateforme.io\/CMS\/index.php?rest_route=%2Fwp%2Fv2%2Fproduct_tag&post=173"}],"curies":[{"name":"wp","href":"https:\/\/api.w.org\/{rel}","templated":true}]}}