{"id":166,"date":"2022-01-31T15:05:43","date_gmt":"2022-01-31T15:05:43","guid":{"rendered":"https:\/\/johan-bouguermouh.students-laplateforme.io\/CMS\/?post_type=product&#038;p=166"},"modified":"2022-01-31T15:22:35","modified_gmt":"2022-01-31T15:22:35","slug":"santao-5kg","status":"publish","type":"product","link":"https:\/\/johan-bouguermouh.students-laplateforme.io\/CMS\/?product=santao-5kg","title":{"rendered":"Sac SANTAO <br>5kg"},"content":{"rendered":"<p>Sac de caf\u00e9 grain &#8211; 5 kg<\/p>\n<p>Pure Robusta &#8211; Ethiopie. Ce caf\u00e9 r\u00e9colt\u00e9 dans la r\u00e9gion de Santao en Ethiopie. Ses ar\u00f4mes floraux et fruit\u00e9s s&rsquo;\u00e9quilibre parfaitement avec sa teneur acide et tonic<\/p>\n","protected":false},"excerpt":{"rendered":"<p>Sac de caf\u00e9 grain &#8211; 5 kg &#8211; Pure Robusta &#8211; Ethiopie<\/p>\n","protected":false},"featured_media":167,"comment_status":"open","ping_status":"closed","template":"","meta":{"spay_email":""},"product_cat":[21],"product_tag":[],"_links":{"self":[{"href":"https:\/\/johan-bouguermouh.students-laplateforme.io\/CMS\/index.php?rest_route=\/wp\/v2\/product\/166"}],"collection":[{"href":"https:\/\/johan-bouguermouh.students-laplateforme.io\/CMS\/index.php?rest_route=\/wp\/v2\/product"}],"about":[{"href":"https:\/\/johan-bouguermouh.students-laplateforme.io\/CMS\/index.php?rest_route=\/wp\/v2\/types\/product"}],"replies":[{"embeddable":true,"href":"https:\/\/johan-bouguermouh.students-laplateforme.io\/CMS\/index.php?rest_route=%2Fwp%2Fv2%2Fcomments&post=166"}],"wp:featuredmedia":[{"embeddable":true,"href":"https:\/\/johan-bouguermouh.students-laplateforme.io\/CMS\/index.php?rest_route=\/wp\/v2\/media\/167"}],"wp:attachment":[{"href":"https:\/\/johan-bouguermouh.students-laplateforme.io\/CMS\/index.php?rest_route=%2Fwp%2Fv2%2Fmedia&parent=166"}],"wp:term":[{"taxonomy":"product_cat","embeddable":true,"href":"https:\/\/johan-bouguermouh.students-laplateforme.io\/CMS\/index.php?rest_route=%2Fwp%2Fv2%2Fproduct_cat&post=166"},{"taxonomy":"product_tag","embeddable":true,"href":"https:\/\/johan-bouguermouh.students-laplateforme.io\/CMS\/index.php?rest_route=%2Fwp%2Fv2%2Fproduct_tag&post=166"}],"curies":[{"name":"wp","href":"https:\/\/api.w.org\/{rel}","templated":true}]}}