{"id":161,"date":"2022-01-31T15:01:39","date_gmt":"2022-01-31T15:01:39","guid":{"rendered":"https:\/\/johan-bouguermouh.students-laplateforme.io\/CMS\/?post_type=product&#038;p=161"},"modified":"2022-01-31T15:23:00","modified_gmt":"2022-01-31T15:23:00","slug":"cerrado-5kg","status":"publish","type":"product","link":"https:\/\/johan-bouguermouh.students-laplateforme.io\/CMS\/?product=cerrado-5kg","title":{"rendered":"Sac CERRADO <br>5kg"},"content":{"rendered":"<p>Sac de Caf\u00e9 en grain &#8211; 5kg<\/p>\n<p>Ce caf\u00e9 Cerrado du Br\u00e9sil, cultiv\u00e9 dans la province de Cerrado, est un grand cru qui se distingue par son gout robuste et son l\u00e9ger parfum de fleuri. Il est torr\u00e9fi\u00e9 chaque semaine de mani\u00e8re traditionnelle dans nos ateliers.<\/p>\n","protected":false},"excerpt":{"rendered":"<p>Sac de Caf\u00e9 en grain &#8211; 5kg\u00a0 &#8211; Caf\u00e9 Cerrado du br\u00e9sil<\/p>\n","protected":false},"featured_media":162,"comment_status":"open","ping_status":"closed","template":"","meta":{"spay_email":""},"product_cat":[21],"product_tag":[],"_links":{"self":[{"href":"https:\/\/johan-bouguermouh.students-laplateforme.io\/CMS\/index.php?rest_route=\/wp\/v2\/product\/161"}],"collection":[{"href":"https:\/\/johan-bouguermouh.students-laplateforme.io\/CMS\/index.php?rest_route=\/wp\/v2\/product"}],"about":[{"href":"https:\/\/johan-bouguermouh.students-laplateforme.io\/CMS\/index.php?rest_route=\/wp\/v2\/types\/product"}],"replies":[{"embeddable":true,"href":"https:\/\/johan-bouguermouh.students-laplateforme.io\/CMS\/index.php?rest_route=%2Fwp%2Fv2%2Fcomments&post=161"}],"wp:featuredmedia":[{"embeddable":true,"href":"https:\/\/johan-bouguermouh.students-laplateforme.io\/CMS\/index.php?rest_route=\/wp\/v2\/media\/162"}],"wp:attachment":[{"href":"https:\/\/johan-bouguermouh.students-laplateforme.io\/CMS\/index.php?rest_route=%2Fwp%2Fv2%2Fmedia&parent=161"}],"wp:term":[{"taxonomy":"product_cat","embeddable":true,"href":"https:\/\/johan-bouguermouh.students-laplateforme.io\/CMS\/index.php?rest_route=%2Fwp%2Fv2%2Fproduct_cat&post=161"},{"taxonomy":"product_tag","embeddable":true,"href":"https:\/\/johan-bouguermouh.students-laplateforme.io\/CMS\/index.php?rest_route=%2Fwp%2Fv2%2Fproduct_tag&post=161"}],"curies":[{"name":"wp","href":"https:\/\/api.w.org\/{rel}","templated":true}]}}