{"id":11,"date":"2022-01-27T15:16:30","date_gmt":"2022-01-27T15:16:30","guid":{"rendered":"https:\/\/johan-bouguermouh.students-laplateforme.io\/CMS\/?product=hoodie-with-logo"},"modified":"2022-01-31T15:24:01","modified_gmt":"2022-01-31T15:24:01","slug":"hoodie-with-logo","status":"publish","type":"product","link":"https:\/\/johan-bouguermouh.students-laplateforme.io\/CMS\/?product=hoodie-with-logo","title":{"rendered":"Sachet <br>SANTAO"},"content":{"rendered":"<p><strong>Pure Robusta &#8211; Ethiopie.<\/strong><\/p>\n<p>Caf\u00e9 r\u00e9colt\u00e9 dans la r\u00e9gion de Santao en Ethiopie. Ses ar\u00f4mes floraux et fruit\u00e9s s&rsquo;\u00e9quilibre parfaitement avec sa teneur acide et tonic<\/p>\n","protected":false},"excerpt":{"rendered":"<p>Pure Robusta &#8211; Ethiopie.<\/p>\n","protected":false},"featured_media":13,"comment_status":"open","ping_status":"closed","template":"","meta":{"spay_email":""},"product_cat":[19],"product_tag":[],"_links":{"self":[{"href":"https:\/\/johan-bouguermouh.students-laplateforme.io\/CMS\/index.php?rest_route=\/wp\/v2\/product\/11"}],"collection":[{"href":"https:\/\/johan-bouguermouh.students-laplateforme.io\/CMS\/index.php?rest_route=\/wp\/v2\/product"}],"about":[{"href":"https:\/\/johan-bouguermouh.students-laplateforme.io\/CMS\/index.php?rest_route=\/wp\/v2\/types\/product"}],"replies":[{"embeddable":true,"href":"https:\/\/johan-bouguermouh.students-laplateforme.io\/CMS\/index.php?rest_route=%2Fwp%2Fv2%2Fcomments&post=11"}],"wp:featuredmedia":[{"embeddable":true,"href":"https:\/\/johan-bouguermouh.students-laplateforme.io\/CMS\/index.php?rest_route=\/wp\/v2\/media\/13"}],"wp:attachment":[{"href":"https:\/\/johan-bouguermouh.students-laplateforme.io\/CMS\/index.php?rest_route=%2Fwp%2Fv2%2Fmedia&parent=11"}],"wp:term":[{"taxonomy":"product_cat","embeddable":true,"href":"https:\/\/johan-bouguermouh.students-laplateforme.io\/CMS\/index.php?rest_route=%2Fwp%2Fv2%2Fproduct_cat&post=11"},{"taxonomy":"product_tag","embeddable":true,"href":"https:\/\/johan-bouguermouh.students-laplateforme.io\/CMS\/index.php?rest_route=%2Fwp%2Fv2%2Fproduct_tag&post=11"}],"curies":[{"name":"wp","href":"https:\/\/api.w.org\/{rel}","templated":true}]}}